{"id":1762,"date":"2019-07-02T00:59:17","date_gmt":"2019-07-02T00:59:17","guid":{"rendered":"http:\/\/lamindfulnutritionist.com\/consultations\/"},"modified":"2019-10-16T20:53:20","modified_gmt":"2019-10-16T20:53:20","slug":"consultations","status":"publish","type":"page","link":"https:\/\/lamindfulnutritionist.com\/dev\/consultations\/?lang=fr","title":{"rendered":"Consultations"},"content":{"rendered":"<p>[vc_row full_width=&#8221;stretch_row_content&#8221;][vc_column icons_position=&#8221;left&#8221;]\n\t\t\t<!-- START consultfr REVOLUTION SLIDER 6.5.24 --><p class=\"rs-p-wp-fix\"><\/p>\n\t\t\t<rs-module-wrap id=\"rev_slider_6_1_wrapper\" data-source=\"gallery\" style=\"visibility:hidden;background:transparent;padding:0;margin:0px auto;margin-top:0;margin-bottom:0;\">\n\t\t\t\t<rs-module id=\"rev_slider_6_1\" style=\"\" data-version=\"6.5.24\">\n\t\t\t\t\t<rs-slides>\n\t\t\t\t\t\t<rs-slide style=\"position: absolute;\" data-key=\"rs-16\" data-title=\"Make peace with food\" data-anim=\"ms:600;\" data-in=\"o:0;\" data-out=\"a:false;\" data-mediafilter=\"toaster\">\n\t\t\t\t\t\t\t<img src=\"\/\/lamindfulnutritionist.com\/dev\/wp-content\/plugins\/revslider\/public\/assets\/assets\/dummy.png\" alt=\"\" title=\"Consultations\" class=\"rev-slidebg tp-rs-img rs-lazyload\" data-lazyload=\"\/\/lamindfulnutritionist.com\/dev\/wp-content\/uploads\/2019\/07\/slide_consultation.jpg\" data-no-retina>\n<!--\n\t\t\t\t\t\t\t--><rs-layer\n\t\t\t\t\t\t\t\tid=\"slider-6-slide-16-layer-3\" \n\t\t\t\t\t\t\t\tdata-type=\"text\"\n\t\t\t\t\t\t\t\tdata-color=\"#ffffff\"\n\t\t\t\t\t\t\t\tdata-rsp_ch=\"on\"\n\t\t\t\t\t\t\t\tdata-xy=\"x:c;xo:-8px;y:c;yo:-32px;\"\n\t\t\t\t\t\t\t\tdata-text=\"s:150;l:22;ls:-6px;fw:700;a:inherit;\"\n\t\t\t\t\t\t\t\tdata-frame_0=\"sX:0.9;sY:0.9;tp:600;\"\n\t\t\t\t\t\t\t\tdata-frame_1=\"tp:600;sp:1500;sR:10;\"\n\t\t\t\t\t\t\t\tdata-frame_999=\"o:0;tp:600;st:7660;sp:1000;sR:6150;\"\n\t\t\t\t\t\t\t\tstyle=\"z-index:5;font-family:'Signika';text-transform:capitalize;\"\n\t\t\t\t\t\t\t>CONSULTATIONS\n \n\t\t\t\t\t\t\t<\/rs-layer><!--\n\n\t\t\t\t\t\t\t--><rs-layer\n\t\t\t\t\t\t\t\tid=\"slider-6-slide-16-layer-5\" \n\t\t\t\t\t\t\t\tclass=\"rev-btn\"\n\t\t\t\t\t\t\t\tdata-type=\"button\"\n\t\t\t\t\t\t\t\tdata-color=\"rgba(255,255,255,1)\"\n\t\t\t\t\t\t\t\tdata-xy=\"x:c;y:c;yo:165px;\"\n\t\t\t\t\t\t\t\tdata-text=\"s:14;l:22;ls:0px;fw:700;a:inherit;\"\n\t\t\t\t\t\t\t\tdata-vbility=\"t,t,f,f\"\n\t\t\t\t\t\t\t\tdata-actions='o:click;a:simplelink;target:_self;url:\/programs\/;'\n\t\t\t\t\t\t\t\tdata-rsp_bd=\"off\"\n\t\t\t\t\t\t\t\tdata-padding=\"t:21;r:42;b:21;l:42;\"\n\t\t\t\t\t\t\t\tdata-border=\"bor:8px,8px,8px,8px;\"\n\t\t\t\t\t\t\t\tdata-frame_0=\"y:50px;tp:600;\"\n\t\t\t\t\t\t\t\tdata-frame_1=\"tp:600;sp:1200;sR:10;\"\n\t\t\t\t\t\t\t\tdata-frame_999=\"o:0;tp:600;st:7670;sp:1000;sR:6460;\"\n\t\t\t\t\t\t\t\tdata-frame_hover=\"bgc:#a3b92e;boc:#000;bor:8px,8px,8px,8px;bos:solid;oX:50;oY:50;sp:0;e:none;\"\n\t\t\t\t\t\t\t\tstyle=\"z-index:6;background-color:#a864a8;font-family:'Signika';text-transform:uppercase;cursor:pointer;outline:none;box-shadow:none;box-sizing:border-box;-moz-box-sizing:border-box;-webkit-box-sizing:border-box;\"\n\t\t\t\t\t\t\t>LIRE LA SUITE\n \n\t\t\t\t\t\t\t<\/rs-layer><!--\n\n\t\t\t\t\t\t\t--><rs-layer\n\t\t\t\t\t\t\t\tid=\"slider-6-slide-16-layer-10\" \n\t\t\t\t\t\t\t\tclass=\"rev-btn\"\n\t\t\t\t\t\t\t\tdata-type=\"button\"\n\t\t\t\t\t\t\t\tdata-color=\"rgba(255,255,255,1)\"\n\t\t\t\t\t\t\t\tdata-xy=\"x:c;xo:2px;y:c;yo:251px;\"\n\t\t\t\t\t\t\t\tdata-text=\"s:14;l:22;ls:0px;fw:700;a:inherit;\"\n\t\t\t\t\t\t\t\tdata-vbility=\"f,f,t,t\"\n\t\t\t\t\t\t\t\tdata-actions='o:click;a:simplelink;target:_self;url:\/programs\/;'\n\t\t\t\t\t\t\t\tdata-rsp_bd=\"off\"\n\t\t\t\t\t\t\t\tdata-padding=\"t:15;r:20;b:15;l:20;\"\n\t\t\t\t\t\t\t\tdata-border=\"bor:8px,8px,8px,8px;\"\n\t\t\t\t\t\t\t\tdata-frame_0=\"y:50px;tp:600;\"\n\t\t\t\t\t\t\t\tdata-frame_1=\"tp:600;sp:1200;sR:10;\"\n\t\t\t\t\t\t\t\tdata-frame_999=\"o:0;tp:600;st:7680;sp:1000;sR:6470;\"\n\t\t\t\t\t\t\t\tdata-frame_hover=\"bgc:#a3b92e;boc:#000;bor:8px,8px,8px,8px;bos:solid;oX:50;oY:50;sp:0;e:none;\"\n\t\t\t\t\t\t\t\tstyle=\"z-index:7;background-color:#a864a8;font-family:'Signika';text-transform:uppercase;cursor:pointer;outline:none;box-shadow:none;box-sizing:border-box;-moz-box-sizing:border-box;-webkit-box-sizing:border-box;\"\n\t\t\t\t\t\t\t>LIRE LA SUITE\n \n\t\t\t\t\t\t\t<\/rs-layer><!--\n-->\t\t\t\t\t\t<\/rs-slide>\n\t\t\t\t\t<\/rs-slides>\n\t\t\t\t<\/rs-module>\n\t\t\t\t<script>\n\t\t\t\t\tsetREVStartSize({c: 'rev_slider_6_1',rl:[1240,1024,778,480],el:[],gw:[1240],gh:[820],type:'hero',justify:'',layout:'fullwidth',mh:\"820\"});if (window.RS_MODULES!==undefined && window.RS_MODULES.modules!==undefined && window.RS_MODULES.modules[\"revslider61\"]!==undefined) {window.RS_MODULES.modules[\"revslider61\"].once = false;window.revapi6 = undefined;if (window.RS_MODULES.checkMinimal!==undefined) window.RS_MODULES.checkMinimal()}\n\t\t\t\t<\/script>\n\t\t\t<\/rs-module-wrap>\n\t\t\t<!-- END REVOLUTION SLIDER -->\n[\/vc_column][\/vc_row][vc_row hide_bg_image_on_tablet=&#8221;&#8221; hide_bg_image_on_mobile=&#8221;&#8221; css=&#8221;.vc_custom_1562958723076{margin-top: 50px !important;}&#8221;][vc_column icons_position=&#8221;left&#8221;]<div id=\"sc_title_273355722\"\r\n\t\tclass=\"sc_title sc_title_default  vc_custom_1566776660590\"><h2 class=\"sc_item_title sc_title_title sc_align_left sc_item_title_style_default trx_addons_inline_1226498439\">Consultations<\/h2><div class=\"sc_item_descr sc_title_descr sc_align_left\"><p>Chaque consultation est personnalis\u00e9e, chaque personne est unique. En fonction de votre histoire, vos attentes, et avec votre permission, je m\u2019engage \u00e0 trouver des outils afin de vous emmener vers un changement durable.<\/p>\n<\/div><\/div><!-- \/.sc_title --><div id=\"sc_title_1767148959\"\r\n\t\tclass=\"sc_title sc_title_default\"><h5 class=\"sc_item_title sc_title_title sc_align_left sc_item_title_style_default sc_item_title_tag trx_addons_inline_929591663\">Votre 1\u00e8re consultation<\/h5><div class=\"sc_item_descr sc_title_descr sc_align_left\"><p>\u00c1 votre \u00e9coute, c\u2019est l\u2019histoire de votre poids, vous me d\u00e9taillez dans l\u2019ordre que vous voulez le ou les probl\u00e8mes li\u00e9s \u00e0 votre comportement alimentaire. Dans un \u00e9change bienveillant, sans jugement, on \u00e9value les causes, les cons\u00e9quences pour vous.<\/p>\n<p>On fixe un objectif de changement pour chaque probl\u00e8me trouv\u00e9, on \u00e9tablit des strat\u00e9gies pr\u00e9cises r\u00e9alisables et atteignables. Toujours dans la discussion, c\u2019est un travail d\u2019\u00e9quipe on \u00e9value votre motivation\u2026 Quelles sont vos attentes ? O\u00f9 en \u00eates-vous dans le d\u00e9sir du changement ? On s\u2019engage?<\/p>\n<\/div><\/div><!-- \/.sc_title --><div id=\"sc_title_1636345247\"\r\n\t\tclass=\"sc_title sc_title_default\"><h5 class=\"sc_item_title sc_title_title sc_align_left sc_item_title_style_default sc_item_title_tag trx_addons_inline_300910017\">Votre 2\u00e8me consultation et les suivantes\u2026<\/h5><div class=\"sc_item_descr sc_title_descr sc_align_left\"><p>Apr\u00e8s l\u2019identification d\u2019un objectif pr\u00e9cis on d\u00e9briefe sur l\u2019exercice donn\u00e9 \u00e0 la premi\u00e8re s\u00e9ance. Les exercices peuvent \u00eatre sur le remplissage d\u2019un carnet alimentaire, la r\u00e9organisation des prises alimentaires, le rep\u00e9rage des signaux de faim, le listage des aliments tabou, une d\u00e9gustation en pleine conscience\u2026<\/p>\n<p>Des exercices pour augmenter sa tol\u00e9rance \u00e9motionnelle afin de mieux accueillir ses propres \u00e9motions peuvent aussi \u00eatre mis en place\u2026 Des courtes vid\u00e9os, dessins, m\u00e9taphores, propositions de lectures, etc\u2026 peuvent \u00eatre sugg\u00e9r\u00e9s pour appuyer mes propos.<\/p>\n<p>Remplacer le contr\u00f4le mental par l\u2019\u00e9coute des sensations alimentaires et ses syst\u00e8mes de r\u00e9gulations est un travail essentiel, qui demande plusieurs s\u00e9ances. Une s\u00e9ance espac\u00e9e tous les quinze jours est pr\u00e9conis\u00e9e pour avoir le temps de faire les exercices.<br \/>\nChaque s\u00e9ance dure environ 1h00 au prix de \u00a390.<\/p>\n<\/div><\/div><!-- \/.sc_title -->[\/vc_column][\/vc_row][vc_row][vc_column icons_position=&#8221;left&#8221;][vc_empty_space height=&#8221;90px&#8221; alter_height=&#8221;none&#8221; hide_on_wide=&#8221;&#8221; hide_on_desktop=&#8221;&#8221; hide_on_notebook=&#8221;&#8221; hide_on_tablet=&#8221;1&#8243; hide_on_mobile=&#8221;1&#8243;][vc_empty_space height=&#8221;60px&#8221; alter_height=&#8221;none&#8221; hide_on_wide=&#8221;&#8221; hide_on_desktop=&#8221;1&#8243; hide_on_notebook=&#8221;1&#8243; hide_on_tablet=&#8221;&#8221; hide_on_mobile=&#8221;&#8221;][\/vc_column][\/vc_row]<\/p>\n","protected":false},"excerpt":{"rendered":"<p>[vc_row full_width=&#8221;stretch_row_content&#8221;][vc_column icons_position=&#8221;left&#8221;][\/vc_column][\/vc_row][vc_row hide_bg_image_on_tablet=&#8221;&#8221; hide_bg_image_on_mobile=&#8221;&#8221; css=&#8221;.vc_custom_1562958723076{margin-top: 50px !important;}&#8221;][vc_column icons_position=&#8221;left&#8221;][\/vc_column][\/vc_row][vc_row][vc_column icons_position=&#8221;left&#8221;][vc_empty_space height=&#8221;90px&#8221; alter_height=&#8221;none&#8221; hide_on_wide=&#8221;&#8221; hide_on_desktop=&#8221;&#8221; hide_on_notebook=&#8221;&#8221; hide_on_tablet=&#8221;1&#8243; hide_on_mobile=&#8221;1&#8243;][vc_empty_space height=&#8221;60px&#8221; alter_height=&#8221;none&#8221; hide_on_wide=&#8221;&#8221; hide_on_desktop=&#8221;1&#8243; hide_on_notebook=&#8221;1&#8243; hide_on_tablet=&#8221;&#8221; hide_on_mobile=&#8221;&#8221;][\/vc_column][\/vc_row]<\/p>\n","protected":false},"author":2,"featured_media":0,"parent":0,"menu_order":0,"comment_status":"closed","ping_status":"closed","template":"","meta":[],"_links":{"self":[{"href":"https:\/\/lamindfulnutritionist.com\/dev\/wp-json\/wp\/v2\/pages\/1762"}],"collection":[{"href":"https:\/\/lamindfulnutritionist.com\/dev\/wp-json\/wp\/v2\/pages"}],"about":[{"href":"https:\/\/lamindfulnutritionist.com\/dev\/wp-json\/wp\/v2\/types\/page"}],"author":[{"embeddable":true,"href":"https:\/\/lamindfulnutritionist.com\/dev\/wp-json\/wp\/v2\/users\/2"}],"replies":[{"embeddable":true,"href":"https:\/\/lamindfulnutritionist.com\/dev\/wp-json\/wp\/v2\/comments?post=1762"}],"version-history":[{"count":3,"href":"https:\/\/lamindfulnutritionist.com\/dev\/wp-json\/wp\/v2\/pages\/1762\/revisions"}],"predecessor-version":[{"id":1823,"href":"https:\/\/lamindfulnutritionist.com\/dev\/wp-json\/wp\/v2\/pages\/1762\/revisions\/1823"}],"wp:attachment":[{"href":"https:\/\/lamindfulnutritionist.com\/dev\/wp-json\/wp\/v2\/media?parent=1762"}],"curies":[{"name":"wp","href":"https:\/\/api.w.org\/{rel}","templated":true}]}}