{"id":1768,"date":"2019-04-29T22:26:46","date_gmt":"2019-04-29T22:26:46","guid":{"rendered":"http:\/\/lamindfulnutritionist.com\/about-me\/"},"modified":"2019-08-27T13:39:06","modified_gmt":"2019-08-27T13:39:06","slug":"about-me","status":"publish","type":"page","link":"https:\/\/lamindfulnutritionist.com\/dev\/about-me\/?lang=fr","title":{"rendered":"Qui suis-je?"},"content":{"rendered":"<p>[vc_row equal_height=&#8221;yes&#8221;][vc_column width=&#8221;3\/12&#8243; icons_position=&#8221;left&#8221;][vc_single_image image=&#8221;1391&#8243; img_size=&#8221;full&#8221;][vc_empty_space height=&#8221;30px&#8221; alter_height=&#8221;none&#8221; hide_on_wide=&#8221;&#8221; hide_on_desktop=&#8221;&#8221; hide_on_notebook=&#8221;&#8221; hide_on_tablet=&#8221;&#8221; hide_on_mobile=&#8221;&#8221;][\/vc_column][vc_column width=&#8221;1\/12&#8243; hide_bg_image_on_tablet=&#8221;&#8221; hide_bg_image_on_mobile=&#8221;&#8221; icons_position=&#8221;left&#8221; el_class=&#8221;vertical-separator&#8221;][\/vc_column][vc_column width=&#8221;8\/12&#8243; hide_bg_image_on_tablet=&#8221;&#8221; hide_bg_image_on_mobile=&#8221;&#8221; icons_position=&#8221;left&#8221; css=&#8221;.vc_custom_1538486605489{margin-top: -13px !important;}&#8221;][vc_empty_space height=&#8221;60px&#8221; alter_height=&#8221;none&#8221; hide_on_wide=&#8221;&#8221; hide_on_desktop=&#8221;1&#8243; hide_on_notebook=&#8221;1&#8243; hide_on_tablet=&#8221;1&#8243; hide_on_mobile=&#8221;&#8221;]<div id=\"sc_title_2031175987\"\r\n\t\tclass=\"sc_title color_style_link3 sc_title_default\"><h6 class=\"sc_item_subtitle sc_title_subtitle sc_align_left sc_item_title_style_default\">Di\u00e9t\u00e9ticienne Nutritionniste, je suis sp\u00e9cialiste du comportement alimentaire.<\/h6><h2 class=\"sc_item_title sc_title_title sc_align_left sc_item_title_style_default trx_addons_inline_928283373\">Faites la connaissance de Catherine<\/h2><div class=\"sc_item_descr sc_title_descr sc_align_left\"><p>Depuis plus de 10 ans, au Royaume Uni et \u00e0 l\u2019international, je travaille pour:<\/p>\n<p>- des organisations non gouvernementales,<br \/>\n- des dispensaires,<br \/>\n- des cliniques,<br \/>\n- des mairies,<br \/>\n- des \u00e9coles, etc\u2026<\/p>\n<p>mettant en place des programmes d\u2019\u00e9ducation nutritionnelle en pr\u00e9vention de l\u2019ob\u00e9sit\u00e9 et du surpoids. Des plans d\u2019action qui pr\u00f4nent le r\u00e9\u00e9quilibrage alimentaire : pour \u00eatre en bonne sant\u00e9, pour ne pas prendre du poids ou pour maigrir.<\/p>\n<\/div><\/div><!-- \/.sc_title -->[\/vc_column][\/vc_row][vc_row full_width=&#8221;stretch_row&#8221; hide_bg_image_on_tablet=&#8221;&#8221; hide_bg_image_on_mobile=&#8221;&#8221; css=&#8221;.vc_custom_1561999126039{background-color: rgba(168,100,168,0.6) !important;background-size: cover !important;*background-color: rgb(168,100,168) !important;}&#8221;][vc_column icons_position=&#8221;left&#8221;][vc_empty_space height=&#8221;100px&#8221; alter_height=&#8221;none&#8221; hide_on_wide=&#8221;&#8221; hide_on_desktop=&#8221;&#8221; hide_on_notebook=&#8221;&#8221; hide_on_tablet=&#8221;1&#8243; hide_on_mobile=&#8221;1&#8243;][vc_empty_space height=&#8221;80px&#8221; alter_height=&#8221;none&#8221; hide_on_wide=&#8221;&#8221; hide_on_desktop=&#8221;1&#8243; hide_on_notebook=&#8221;1&#8243; hide_on_tablet=&#8221;&#8221; hide_on_mobile=&#8221;1&#8243;][vc_empty_space height=&#8221;60px&#8221; alter_height=&#8221;none&#8221; hide_on_wide=&#8221;&#8221; hide_on_desktop=&#8221;1&#8243; hide_on_notebook=&#8221;1&#8243; hide_on_tablet=&#8221;1&#8243; hide_on_mobile=&#8221;&#8221;][vc_column_text]<span style=\"color: #fff;\">Mais\u2026. souvent ces programmes imposent une alimentation contr\u00f4l\u00e9e, impossible \u00e0 tenir \u00e0 long terme, o\u00fa des r\u00e8gles alimentaires strictes deviennent culpabilisantes et anxiog\u00e8nes, engendrant de la surconsommation voire des compulsions.<\/span><\/p>\n<p><span style=\"color: #fff;\">Forte de ce constat, j\u2019ai pris une route diff\u00e9rente\u2026 j\u2019ai choisi <a style=\"color: #fff; text-decoration: underline;\" href=\"https:\/\/www.intuitiveeating.org\/10-principles-of-intuitive-eating\/\" target=\"_blank\" rel=\"noopener noreferrer\">l\u2019Alimentation Intuitive<\/a> qui me semble la solution aux probl\u00e8mes li\u00e9s aux comportements alimentaires.<\/span><\/p>\n<p><span style=\"color: #fff;\">J\u2019ai pris conscience que des r\u00e8gles di\u00e9t\u00e9tiques impos\u00e9es ont un effet n\u00e9faste sur la sant\u00e9. \u00c0 l\u2019inverse, l\u2019alimentation intuitive qui, permet inconsciemment \u00e0 l\u2019individu de r\u00e9pondre \u00e0 ses besoins \u00e9nerg\u00e9tiques, nutritionnels et \u00e9motionnels gr\u00e2ce \u00e0 l\u2019\u00e9coute des \u00e9motions et sensations alimentaires, assure une bonne sant\u00e9 en maintenant un poids d\u2019\u00e9quilibre.<\/span><\/p>\n<p><span style=\"color: #fff;\">Praticienne du Groupe de R\u00e9flexion sur l\u2019Ob\u00e9sit\u00e9 et le Surpoids <a style=\"color: #fff; text-decoration: underline;\" href=\"https:\/\/www.gros.org\/praticien\/3122\" target=\"_blank\" rel=\"noopener noreferrer\">Le G.R.O.S<\/a>, je suis capable d&#8217;aider les patients \u00e0 respecter leurs signaux de faim, leurs app\u00e9tits, et accepter leurs envies de manger \u00e9motionnelles. Je suis contre les diktats de la minceur, contre les r\u00e9gimes, en faveur de l\u2019Alimentation Intuitive et en Pleine Conscience, pour l\u2019acceptation de soi, et pour l\u2019autocompassion.<\/span>[\/vc_column_text][vc_empty_space height=&#8221;100px&#8221; alter_height=&#8221;none&#8221; hide_on_wide=&#8221;&#8221; hide_on_desktop=&#8221;&#8221; hide_on_notebook=&#8221;&#8221; hide_on_tablet=&#8221;1&#8243; hide_on_mobile=&#8221;1&#8243;][vc_empty_space height=&#8221;80px&#8221; alter_height=&#8221;none&#8221; hide_on_wide=&#8221;&#8221; hide_on_desktop=&#8221;1&#8243; hide_on_notebook=&#8221;1&#8243; hide_on_tablet=&#8221;&#8221; hide_on_mobile=&#8221;1&#8243;][vc_empty_space height=&#8221;60px&#8221; alter_height=&#8221;none&#8221; hide_on_wide=&#8221;&#8221; hide_on_desktop=&#8221;1&#8243; hide_on_notebook=&#8221;1&#8243; hide_on_tablet=&#8221;1&#8243; hide_on_mobile=&#8221;&#8221;][\/vc_column][\/vc_row][vc_row full_width=&#8221;stretch_row&#8221; hide_bg_image_on_tablet=&#8221;&#8221; hide_bg_image_on_mobile=&#8221;&#8221; css=&#8221;.vc_custom_1565735816389{background-size: cover !important;}&#8221;][vc_column icons_position=&#8221;left&#8221;][vc_empty_space height=&#8221;50px&#8221; alter_height=&#8221;none&#8221; hide_on_wide=&#8221;&#8221; hide_on_desktop=&#8221;&#8221; hide_on_notebook=&#8221;&#8221; hide_on_tablet=&#8221;1&#8243; hide_on_mobile=&#8221;1&#8243;][vc_empty_space height=&#8221;80px&#8221; alter_height=&#8221;none&#8221; hide_on_wide=&#8221;&#8221; hide_on_desktop=&#8221;1&#8243; hide_on_notebook=&#8221;1&#8243; hide_on_tablet=&#8221;&#8221; hide_on_mobile=&#8221;1&#8243;][vc_empty_space height=&#8221;60px&#8221; alter_height=&#8221;none&#8221; hide_on_wide=&#8221;&#8221; hide_on_desktop=&#8221;1&#8243; hide_on_notebook=&#8221;1&#8243; hide_on_tablet=&#8221;1&#8243; hide_on_mobile=&#8221;&#8221;]<div class=\"sc_item_button sc_button_wrap sc_align_center\"><a href=\"http:\/\/mindfuleatingpractise.com\/\" id=\"sc_button_2142001885\" class=\"sc_button sc_button_default sc_button_size_normal sc_button_icon_left\" target=\"_blank\"><span class=\"sc_button_text sc_align_center\"><span class=\"sc_button_title\">Mindful Eating Practise<\/span><\/span><!-- \/.sc_button_text --><\/a><!-- \/.sc_button --><\/div><!-- \/.sc_item_button -->[\/vc_column][\/vc_row][vc_row full_width=&#8221;stretch_row&#8221; scheme=&#8221;dark&#8221; extra_bg_mask=&#8221;bg_color&#8221; hide_bg_image_on_tablet=&#8221;&#8221; hide_bg_image_on_mobile=&#8221;&#8221; shape_divider_top_front=&#8221;&#8221; shape_divider_bottom_front=&#8221;&#8221; row_delimiter=&#8221;&#8221; row_hide_unfixed=&#8221;&#8221; hide_on_wide=&#8221;&#8221; hide_on_desktop=&#8221;&#8221; hide_on_notebook=&#8221;&#8221; hide_on_tablet=&#8221;&#8221; hide_on_mobile=&#8221;&#8221; hide_on_frontpage=&#8221;&#8221; hide_on_singular=&#8221;&#8221; hide_on_other=&#8221;&#8221; css=&#8221;.vc_custom_1562028852511{background-size: cover !important;}&#8221;][vc_column icons_position=&#8221;left&#8221;][vc_empty_space height=&#8221;163px&#8221; alter_height=&#8221;none&#8221; hide_on_wide=&#8221;&#8221; hide_on_desktop=&#8221;&#8221; hide_on_notebook=&#8221;&#8221; hide_on_tablet=&#8221;1&#8243; hide_on_mobile=&#8221;1&#8243;][vc_empty_space height=&#8221;90px&#8221; alter_height=&#8221;none&#8221; hide_on_wide=&#8221;&#8221; hide_on_desktop=&#8221;1&#8243; hide_on_notebook=&#8221;1&#8243; hide_on_tablet=&#8221;&#8221; hide_on_mobile=&#8221;1&#8243;][vc_empty_space height=&#8221;60px&#8221; alter_height=&#8221;none&#8221; hide_on_wide=&#8221;&#8221; hide_on_desktop=&#8221;1&#8243; hide_on_notebook=&#8221;1&#8243; hide_on_tablet=&#8221;1&#8243; hide_on_mobile=&#8221;&#8221;][vc_row_inner][vc_column_inner width=&#8221;1\/3&#8243; icons_position=&#8221;left&#8221;][vc_hoverbox image=&#8221;1422&#8243; primary_title=&#8221;\u00c9ducation&#8221; hover_title=&#8221;&#8221; shape=&#8221;square&#8221; hover_background_color=&#8221;custom&#8221; hover_custom_background=&#8221;rgba(255,255,255,0.8)&#8221; el_class=&#8221;hoverbox&#8221;]<\/p>\n<div style=\"height: 432px;\">\n<p style=\"text-align: center;\"><strong>MSc International Public Health nutrition, U.K 2008<\/strong><br \/>\n<strong>BSc Human Nutrition, UK 2007<\/strong><br \/>\n<strong>N\u00b0 ADELI 759508583, France<\/strong><\/p>\n<\/div>\n<p>[\/vc_hoverbox][\/vc_column_inner][vc_column_inner width=&#8221;1\/3&#8243; icons_position=&#8221;left&#8221;][vc_hoverbox image=&#8221;1422&#8243; primary_title=&#8221;Formations&#8221; hover_title=&#8221;&#8221; shape=&#8221;square&#8221; hover_background_color=&#8221;custom&#8221; hover_custom_background=&#8221;rgba(255,255,255,0.8)&#8221; el_class=&#8221;hoverbox&#8221;]<\/p>\n<div style=\"height: 432px;\">\n<p style=\"text-align: center;\"><strong>The Intuitive Eating Pro Skills Training Teleseminar with Evelyn Tribole, 2019<\/strong><\/p>\n<p style=\"text-align: center;\"><strong>The \u201cbio-psycho-sensorielle approach\u201d by Le Groupe de R\u00e9flexion sur l\u2019Ob\u00e9sit\u00e9 et le Surpoids Le G.R.O.S, 2018<\/strong><\/p>\n<p style=\"text-align: center;\"><strong>The Mindful Eating Conscious Living programme, M.E.C.L, 2017<\/strong><\/p>\n<p style=\"text-align: center;\"><strong>8-Week Mindfulness Based Stress Reduction Mindfulness Course,\u00a0M.B.S.R, 2017<\/strong><\/p>\n<p style=\"text-align: center;\"><strong>Motivational Interviewing, M.I, 2018<\/strong><\/p>\n<\/div>\n<p>[\/vc_hoverbox][\/vc_column_inner][vc_column_inner width=&#8221;1\/3&#8243; icons_position=&#8221;left&#8221;][vc_hoverbox image=&#8221;1422&#8243; primary_title=&#8221;Associations Professionnelles&#8221; hover_title=&#8221;&#8221; shape=&#8221;square&#8221; hover_background_color=&#8221;custom&#8221; hover_custom_background=&#8221;rgba(255,255,255,0.9)&#8221; el_class=&#8221;hoverbox&#8221;]<\/p>\n<p style=\"text-align: center;\"><a href=\"http:\/\/www.associationfornutrition.org\" target=\"_blank\" rel=\"noopener noreferrer\"><strong>A.F.N<\/strong><\/a><br \/>\n(Association for Nutrition)<\/p>\n<p style=\"text-align: center;\"><a href=\"https:\/\/www.nutritionsociety.org\/\" target=\"_blank\" rel=\"noopener noreferrer\"><strong>N.S<\/strong><\/a><br \/>\n(The Nutrition Society)<\/p>\n<p style=\"text-align: center;\"><a href=\"http:\/\/www.sense-nutrition.org.uk\/\" target=\"_blank\" rel=\"noopener noreferrer\"><strong>S.E.N.S.E<\/strong><\/a><br \/>\n(Self Employed Nutritionists&#8217; Support &amp; Enlightenment)<\/p>\n<p style=\"text-align: center;\"><a href=\"https:\/\/www.thecenterformindfuleating.org\/\" target=\"_blank\" rel=\"noopener noreferrer\"><strong>T.C.M.E<\/strong><\/a><br \/>\n(The Centre for Mindful Eating)<\/p>\n<p style=\"text-align: center;\"><a href=\"http:\/\/www.afdn.org\/\" target=\"_blank\" rel=\"noopener noreferrer\"><strong>A.F.D.N<\/strong><\/a><br \/>\n(Association Fran\u00e7ais des Di\u00e9t\u00e9ticiens Nutritionnistes)<\/p>\n<p style=\"text-align: center;\"><a href=\"https:\/\/www.gros.org\/\" target=\"_blank\" rel=\"noopener noreferrer\"><strong>Le G.R.O.S<\/strong><\/a><br \/>\n(Le Groupe de R\u00e9flexion sur l&#8217;Ob\u00e9sit\u00e9 et le Surpoids)<\/p>\n<p>[\/vc_hoverbox][\/vc_column_inner][\/vc_row_inner][vc_empty_space height=&#8221;100px&#8221; alter_height=&#8221;none&#8221; hide_on_wide=&#8221;&#8221; hide_on_desktop=&#8221;1&#8243; hide_on_notebook=&#8221;1&#8243; hide_on_tablet=&#8221;&#8221; hide_on_mobile=&#8221;1&#8243;][vc_empty_space height=&#8221;60px&#8221; alter_height=&#8221;none&#8221; hide_on_wide=&#8221;&#8221; hide_on_desktop=&#8221;1&#8243; hide_on_notebook=&#8221;1&#8243; hide_on_tablet=&#8221;1&#8243; hide_on_mobile=&#8221;&#8221;][vc_empty_space height=&#8221;100px&#8221; alter_height=&#8221;none&#8221; hide_on_wide=&#8221;&#8221; hide_on_desktop=&#8221;&#8221; hide_on_notebook=&#8221;&#8221; hide_on_tablet=&#8221;1&#8243; hide_on_mobile=&#8221;1&#8243;][\/vc_column][\/vc_row][vc_row][vc_column icons_position=&#8221;left&#8221;][vc_empty_space height=&#8221;75px&#8221; alter_height=&#8221;none&#8221; hide_on_wide=&#8221;&#8221; hide_on_desktop=&#8221;&#8221; hide_on_notebook=&#8221;&#8221; hide_on_tablet=&#8221;&#8221; hide_on_mobile=&#8221;1&#8243;][vc_empty_space height=&#8221;60px&#8221; alter_height=&#8221;none&#8221; hide_on_wide=&#8221;&#8221; hide_on_desktop=&#8221;1&#8243; hide_on_notebook=&#8221;1&#8243; hide_on_tablet=&#8221;1&#8243; hide_on_mobile=&#8221;&#8221;]<div id=\"sc_title_515387012\"\r\n\t\tclass=\"sc_title sc_title_icon\"><h6 class=\"sc_item_subtitle sc_title_subtitle sc_align_center sc_item_title_style_icon\">En Bref<\/h6><h2 class=\"sc_item_title sc_title_title sc_align_center sc_item_title_style_icon sc_item_title_tag\">Exp\u00e9rience<\/h2><\/div><!-- \/.sc_title -->[vc_empty_space height=&#8221;68px&#8221; alter_height=&#8221;none&#8221; hide_on_wide=&#8221;&#8221; hide_on_desktop=&#8221;&#8221; hide_on_notebook=&#8221;&#8221; hide_on_tablet=&#8221;1&#8243; hide_on_mobile=&#8221;1&#8243;][vc_empty_space height=&#8221;30px&#8221; alter_height=&#8221;none&#8221; hide_on_wide=&#8221;&#8221; hide_on_desktop=&#8221;1&#8243; hide_on_notebook=&#8221;1&#8243; hide_on_tablet=&#8221;&#8221; hide_on_mobile=&#8221;&#8221;]<div id=\"sc_skills_365289177\"\r\n\t\tclass=\"sc_skills sc_skills_counter\"\r\n\t\t\t\tdata-type=\"counter\"\r\n\t\t><div class=\"sc_skills_columns sc_item_columns trx_addons_columns_wrap columns_padding_bottom\"><div class=\"sc_skills_column trx_addons_column-1_4\"><div class=\"sc_skills_item_wrap\"><div class=\"sc_skills_item\"><div class=\"sc_skills_total\" data-start=\"0\" data-stop=\"15\" data-step=\"10\" data-max=\"1000\" data-speed=\"19\" data-duration=\"29\" data-ed=\"\">0<\/div><\/div><div class=\"sc_skills_item_title\">Years in Public Health Nutrition<\/div><\/div><\/div><div class=\"sc_skills_column trx_addons_column-1_4\"><div class=\"sc_skills_item_wrap\"><div class=\"sc_skills_item\"><div class=\"sc_skills_total\" data-start=\"0\" data-stop=\"60\" data-step=\"10\" data-max=\"1000\" data-speed=\"10\" data-duration=\"60\" data-ed=\"\">0<\/div><\/div><div class=\"sc_skills_item_title\">Cooking Classes &amp; Workshops <\/div><\/div><\/div><div class=\"sc_skills_column trx_addons_column-1_4\"><div class=\"sc_skills_item_wrap\"><div class=\"sc_skills_item\"><div class=\"sc_skills_total\" data-start=\"0\" data-stop=\"36\" data-step=\"10\" data-max=\"1000\" data-speed=\"34\" data-duration=\"122\" data-ed=\"\">0<\/div><\/div><div class=\"sc_skills_item_title\">Recipes<\/div><\/div><\/div><div class=\"sc_skills_column trx_addons_column-1_4\"><div class=\"sc_skills_item_wrap\"><div class=\"sc_skills_item\"><div class=\"sc_skills_total\" data-start=\"0\" data-stop=\"150\" data-step=\"10\" data-max=\"1000\" data-speed=\"13\" data-duration=\"195\" data-ed=\"\">0<\/div><\/div><div class=\"sc_skills_item_title\">Happy and Healthy Mindful Eaters<\/div><\/div><\/div><\/div><\/div>[vc_empty_space height=&#8221;95px&#8221; alter_height=&#8221;none&#8221; hide_on_wide=&#8221;&#8221; hide_on_desktop=&#8221;&#8221; hide_on_notebook=&#8221;&#8221; hide_on_tablet=&#8221;1&#8243; hide_on_mobile=&#8221;1&#8243;][vc_empty_space height=&#8221;80px&#8221; alter_height=&#8221;none&#8221; hide_on_wide=&#8221;&#8221; hide_on_desktop=&#8221;1&#8243; hide_on_notebook=&#8221;1&#8243; hide_on_tablet=&#8221;&#8221; hide_on_mobile=&#8221;1&#8243;][vc_empty_space height=&#8221;60px&#8221; alter_height=&#8221;none&#8221; hide_on_wide=&#8221;&#8221; hide_on_desktop=&#8221;1&#8243; hide_on_notebook=&#8221;1&#8243; hide_on_tablet=&#8221;1&#8243; hide_on_mobile=&#8221;&#8221;][\/vc_column][\/vc_row]<\/p>\n","protected":false},"excerpt":{"rendered":"<p>[vc_row equal_height=&#8221;yes&#8221;][vc_column width=&#8221;3\/12&#8243; icons_position=&#8221;left&#8221;][vc_single_image image=&#8221;1391&#8243; img_size=&#8221;full&#8221;][vc_empty_space height=&#8221;30px&#8221; alter_height=&#8221;none&#8221; hide_on_wide=&#8221;&#8221; hide_on_desktop=&#8221;&#8221; hide_on_notebook=&#8221;&#8221; hide_on_tablet=&#8221;&#8221; hide_on_mobile=&#8221;&#8221;][\/vc_column][vc_column width=&#8221;1\/12&#8243; hide_bg_image_on_tablet=&#8221;&#8221; hide_bg_image_on_mobile=&#8221;&#8221; icons_position=&#8221;left&#8221; el_class=&#8221;vertical-separator&#8221;][\/vc_column][vc_column width=&#8221;8\/12&#8243; hide_bg_image_on_tablet=&#8221;&#8221; hide_bg_image_on_mobile=&#8221;&#8221; icons_position=&#8221;left&#8221; css=&#8221;.vc_custom_1538486605489{margin-top: -13px !important;}&#8221;][vc_empty_space height=&#8221;60px&#8221; alter_height=&#8221;none&#8221; hide_on_wide=&#8221;&#8221; hide_on_desktop=&#8221;1&#8243;&hellip;<\/p>\n","protected":false},"author":2,"featured_media":0,"parent":0,"menu_order":0,"comment_status":"closed","ping_status":"closed","template":"","meta":[],"_links":{"self":[{"href":"https:\/\/lamindfulnutritionist.com\/dev\/wp-json\/wp\/v2\/pages\/1768"}],"collection":[{"href":"https:\/\/lamindfulnutritionist.com\/dev\/wp-json\/wp\/v2\/pages"}],"about":[{"href":"https:\/\/lamindfulnutritionist.com\/dev\/wp-json\/wp\/v2\/types\/page"}],"author":[{"embeddable":true,"href":"https:\/\/lamindfulnutritionist.com\/dev\/wp-json\/wp\/v2\/users\/2"}],"replies":[{"embeddable":true,"href":"https:\/\/lamindfulnutritionist.com\/dev\/wp-json\/wp\/v2\/comments?post=1768"}],"version-history":[{"count":5,"href":"https:\/\/lamindfulnutritionist.com\/dev\/wp-json\/wp\/v2\/pages\/1768\/revisions"}],"predecessor-version":[{"id":1787,"href":"https:\/\/lamindfulnutritionist.com\/dev\/wp-json\/wp\/v2\/pages\/1768\/revisions\/1787"}],"wp:attachment":[{"href":"https:\/\/lamindfulnutritionist.com\/dev\/wp-json\/wp\/v2\/media?parent=1768"}],"curies":[{"name":"wp","href":"https:\/\/api.w.org\/{rel}","templated":true}]}}